{"id":156,"date":"2009-12-04T09:48:00","date_gmt":"2009-12-04T08:48:00","guid":{"rendered":"http:\/\/www.digitalbuero.at\/content\/?page_id=156"},"modified":"2021-07-22T23:36:26","modified_gmt":"2021-07-22T21:36:26","slug":"datenschutz","status":"publish","type":"page","link":"https:\/\/www.digitalbuero.at\/content\/datenschutz\/","title":{"rendered":"Hinweise &#038; Datenschutz"},"content":{"rendered":"\n<p><strong>Dies ist mein privater Blog. Alle \u00c4u\u00dferungen auf diesen Seiten stellen meine pers\u00f6nliche Meinung dar und nicht die von Arbeitgebern, Kunden oder Gesch\u00e4ftspartnern.<\/strong><\/p>\n<p><strong>F\u00fcr externe Links \u00fcbernehme ich keine Haftung.<\/strong><\/p>\n<p>Thomas Sommeregger, 2021<\/p>\n<div id=\"main1\">\n<p><strong>Cookies auf der Website www.digitalbuero.at\/content<\/strong><\/p>\n<p>Sie haben jederzeit die M\u00f6glichkeit, alle <em>nicht f\u00fcr die Funktion der Website erforderlichen<\/em> Cookies zu blockieren. Dar\u00fcber hinaus k\u00f6nnen Sie auch entscheiden, ob diese Website externe Inhalte (zB. YouTube-Videos) l\u00e4dt.<\/p>\n<p style=\"padding-bottom: 10px;\"><span class=\"borlabs-cookie-open-dialog-preferences brlbs-cmpnt-container\" data-borlabs-cookie-title=\"Cookie Einstellungen bearbeiten\" data-borlabs-cookie-type=\"button\" ><\/span><\/p>\n<p><a href=\"#end\">Am Ende der Seite<\/a> finden Sie eine \u00dcbersicht \u00fcber alle Cookies und Cookie Gruppen.<\/p>\n<p><strong>Google Analytics &amp; Marketingtechnologien<\/strong><\/p>\n<p>Diese Website benutzt Google Analytics, einen Webanalysedienst der Google Inc. (&#8222;Google&#8220;). Google Analytics verwendet sog. &#8222;Cookies&#8220;, Textdateien, die auf Ihrem Computer gespeichert werden und die eine Analyse der Benutzung der Website durch Sie erm\u00f6glicht. Die durch den Cookie erzeugten Informationen \u00fcber Ihre Benutzung dieser Website (einschlie\u00dflich Ihrer kompletten bzw. teilweisen IP-Adresse) wird an einen Server von Google in den USA \u00fcbertragen und dort gespeichert.<\/p>\n<p>Google wird diese Informationen benutzen, um Ihre Nutzung der Website auszuwerten, um Reports \u00fcber die Websiteaktivit\u00e4ten f\u00fcr die Websitebetreiber zusammenzustellen und um weitere mit der Websitenutzung und der Internetnutzung verbundene Dienstleistungen zu erbringen. Auch wird Google diese Informationen gegebenenfalls an Dritte \u00fcbertragen, sofern dies gesetzlich vorgeschrieben ist oder soweit Dritte diese Daten im Auftrag von Google verarbeiten. Google wird in keinem Fall Ihre IP- Adresse mit anderen Daten der Google Inc. in Verbindung bringen.<\/p>\n<p>Sie k\u00f6nnen die Speicherung der Cookies durch eine entsprechende Einstellung Ihrer Browser-Software verhindern; wir weisen Sie jedoch darauf hin, dass Sie in diesem Fall gegebenenfalls nicht s\u00e4mtliche Funktionen dieser Website vollumf\u00e4nglich werden nutzen k\u00f6nnen. Sie k\u00f6nnen dar\u00fcber hinaus die Erfassung der durch das Cookie erzeugten und auf Ihre Nutzung der Website bezogenen Daten (inkl. Ihrer IP-Adresse) an Google sowie die Verarbeitung dieser Daten durch Google verhindern, indem sie das unter dem folgenden Link verf\u00fcgbare Browser-Plugin herunterladen und installieren: <strong><a href=\"http:\/\/tools.google.com\/dlpage\/gaoptout?hl=de\" target=\"_blank\" rel=\"noopener noreferrer\">http:\/\/tools.google.com\/dlpage\/gaoptout?hl=de<\/a><\/strong><\/p>\n<p><strong>Schaltung von interessensbezogener Werbung mit Hilfe von &#8222;Retargeting&#8220;<\/strong><\/p>\n<p>Diese Website verwendet so genannte &#8222;Retargeting-Tags&#8220;. Als &#8222;Retargeting-Tag&#8220; wird ein JavaScript-Element bezeichnet, das im Quellcode der Website platziert wird. Besucht ein Nutzer eine Seite auf dieser Website, die ein &#8222;Retargeting-Tag&#8220; enth\u00e4lt, platziert ein Anbieter von Online Werbung (z.B. Google, AdRoll, Facebook) ein Cookie auf dem Computer dieses Nutzers, und ordnet dieses entsprechenden Retargeting-Zielgruppenlisten hinzu. Dieses Cookie dient in weiterer Folge dazu, Retargeting-Kampagnen (&#8222;Interessensbezogene Werbung&#8220;) auf anderen Websites zu schalten. Studien haben ergeben, dass die Einblendung interessenbezogener Werbung f\u00fcr den Internet Nutzer interessanter ist als Werbung, die keinen direkten Bezug zu Interessen bzw. zuvor besuchten Websites hat.<\/p>\n<p><strong>Einstellungs- und Deaktivierungsm\u00f6glichkeiten<\/strong><\/p>\n<p>Drittanbieter, einschlie\u00dflich Google, verwenden diese Cookies zum Schalten von Anzeigen auf Grundlage vorheriger Besuche eines Nutzers auf unserer Website. Dabei werden von diesen Werbepartnern keine pers\u00f6nlichen Informationen wie Namen, E-Mail Adressen, Postadressen oder Telefonnummern gesammelt. Nutzer unserer Website k\u00f6nnen die Verwendung von Cookies durch Google deaktivieren, indem sie die Seite &#8222;Google Anzeigenvorgaben&#8220; aufrufen. Weiters k\u00f6nnen Nutzer die Verwendung von Cookies durch Drittanbieter (z.B. AdRoll) deaktivieren, indem sie die Deaktivierungsseite der &#8222;Network Advertising Initiative&#8220; besuchen und dort die entsprechenden Einstellungen durchf\u00fchren.<\/p>\n<ul>\n<li><strong><a href=\"http:\/\/www.google.com\/ads\/preferences\/?hl=de\" target=\"_blank\" rel=\"noopener noreferrer\">Google Anzeigenvorgaben<\/a><\/strong><\/li>\n<li><strong><a href=\"http:\/\/www.networkadvertising.org\/choices\" target=\"_blank\" rel=\"noopener noreferrer\">Einstellungen und Abmeldem\u00f6glichkeiten der &#8222;Network Advertising Initiative&#8220;<\/a><\/strong><\/li>\n<\/ul>\n<p id=\"end\"><strong>Aktive Cookies und Cookie Gruppen<\/strong><\/p>\n<p style=\"padding-bottom: 10px;\"><span class=\"borlabs-cookie-open-dialog-preferences brlbs-cmpnt-container\" data-borlabs-cookie-title=\"Cookie Einstellungen bearbeiten\" data-borlabs-cookie-type=\"button\" ><\/span><\/p>\n<div class=\"brlbs-cmpnt-container brlbs-cmpnt-shortcode-element\" data-borlabs-cookie-service-list><\/div>\n<\/div>\n","protected":false},"excerpt":{"rendered":"<p>Dies ist mein privater Blog. Alle \u00c4u\u00dferungen auf diesen Seiten stellen meine pers\u00f6nliche Meinung dar und nicht die von Arbeitgebern, Kunden oder Gesch\u00e4ftspartnern. F\u00fcr externe Links \u00fcbernehme ich keine Haftung. Thomas Sommeregger, 2021 Cookies auf der Website www.digitalbuero.at\/content Sie haben jederzeit die M\u00f6glichkeit, alle nicht f\u00fcr die Funktion der Website erforderlichen Cookies zu blockieren. Dar\u00fcber [&hellip;]<\/p>\n","protected":false},"author":2,"featured_media":0,"parent":0,"menu_order":5,"comment_status":"closed","ping_status":"open","template":"","meta":{"footnotes":""},"class_list":["post-156","page","type-page","status-publish","hentry"],"yoast_head":"<!-- This site is optimized with the Yoast SEO plugin v27.4 - https:\/\/yoast.com\/product\/yoast-seo-wordpress\/ -->\n<title>Hinweise &amp; Datenschutz - Thomas&#039; Blog<\/title>\n<meta name=\"robots\" content=\"index, follow, max-snippet:-1, max-image-preview:large, max-video-preview:-1\" \/>\n<link rel=\"canonical\" href=\"https:\/\/www.digitalbuero.at\/content\/datenschutz\/\" \/>\n<meta property=\"og:locale\" content=\"de_DE\" \/>\n<meta property=\"og:type\" content=\"article\" \/>\n<meta property=\"og:title\" content=\"Hinweise &amp; Datenschutz - Thomas&#039; Blog\" \/>\n<meta property=\"og:description\" content=\"Dies ist mein privater Blog. Alle \u00c4u\u00dferungen auf diesen Seiten stellen meine pers\u00f6nliche Meinung dar und nicht die von Arbeitgebern, Kunden oder Gesch\u00e4ftspartnern. F\u00fcr externe Links \u00fcbernehme ich keine Haftung. Thomas Sommeregger, 2021 Cookies auf der Website www.digitalbuero.at\/content Sie haben jederzeit die M\u00f6glichkeit, alle nicht f\u00fcr die Funktion der Website erforderlichen Cookies zu blockieren. Dar\u00fcber [&hellip;]\" \/>\n<meta property=\"og:url\" content=\"https:\/\/www.digitalbuero.at\/content\/datenschutz\/\" \/>\n<meta property=\"og:site_name\" content=\"Thomas&#039; Blog\" \/>\n<meta property=\"article:publisher\" content=\"https:\/\/www.facebook.com\/thomas.sommeregger\" \/>\n<meta property=\"article:modified_time\" content=\"2021-07-22T21:36:26+00:00\" \/>\n<meta name=\"twitter:card\" content=\"summary_large_image\" \/>\n<meta name=\"twitter:site\" content=\"@tsommeregger\" \/>\n<meta name=\"twitter:label1\" content=\"Gesch\u00e4tzte Lesezeit\" \/>\n\t<meta name=\"twitter:data1\" content=\"3\u00a0Minuten\" \/>\n<script type=\"application\/ld+json\" class=\"yoast-schema-graph\">{\"@context\":\"https:\\\/\\\/schema.org\",\"@graph\":[{\"@type\":\"WebPage\",\"@id\":\"https:\\\/\\\/www.digitalbuero.at\\\/content\\\/datenschutz\\\/\",\"url\":\"https:\\\/\\\/www.digitalbuero.at\\\/content\\\/datenschutz\\\/\",\"name\":\"Hinweise & Datenschutz - Thomas&#039; Blog\",\"isPartOf\":{\"@id\":\"https:\\\/\\\/www.digitalbuero.at\\\/content\\\/#website\"},\"datePublished\":\"2009-12-04T08:48:00+00:00\",\"dateModified\":\"2021-07-22T21:36:26+00:00\",\"breadcrumb\":{\"@id\":\"https:\\\/\\\/www.digitalbuero.at\\\/content\\\/datenschutz\\\/#breadcrumb\"},\"inLanguage\":\"de\",\"potentialAction\":[{\"@type\":\"ReadAction\",\"target\":[\"https:\\\/\\\/www.digitalbuero.at\\\/content\\\/datenschutz\\\/\"]}]},{\"@type\":\"BreadcrumbList\",\"@id\":\"https:\\\/\\\/www.digitalbuero.at\\\/content\\\/datenschutz\\\/#breadcrumb\",\"itemListElement\":[{\"@type\":\"ListItem\",\"position\":1,\"name\":\"Startseite\",\"item\":\"https:\\\/\\\/www.digitalbuero.at\\\/content\\\/\"},{\"@type\":\"ListItem\",\"position\":2,\"name\":\"Hinweise &#038; Datenschutz\"}]},{\"@type\":\"WebSite\",\"@id\":\"https:\\\/\\\/www.digitalbuero.at\\\/content\\\/#website\",\"url\":\"https:\\\/\\\/www.digitalbuero.at\\\/content\\\/\",\"name\":\"Thomas&#039; Blog\",\"description\":\"Meine Gedanken verpackt in Null und Eins, 100% pers\u00f6nlich\",\"potentialAction\":[{\"@type\":\"SearchAction\",\"target\":{\"@type\":\"EntryPoint\",\"urlTemplate\":\"https:\\\/\\\/www.digitalbuero.at\\\/content\\\/?s={search_term_string}\"},\"query-input\":{\"@type\":\"PropertyValueSpecification\",\"valueRequired\":true,\"valueName\":\"search_term_string\"}}],\"inLanguage\":\"de\"}]}<\/script>\n<!-- \/ Yoast SEO plugin. -->","yoast_head_json":{"title":"Hinweise & Datenschutz - Thomas&#039; Blog","robots":{"index":"index","follow":"follow","max-snippet":"max-snippet:-1","max-image-preview":"max-image-preview:large","max-video-preview":"max-video-preview:-1"},"canonical":"https:\/\/www.digitalbuero.at\/content\/datenschutz\/","og_locale":"de_DE","og_type":"article","og_title":"Hinweise & Datenschutz - Thomas&#039; Blog","og_description":"Dies ist mein privater Blog. Alle \u00c4u\u00dferungen auf diesen Seiten stellen meine pers\u00f6nliche Meinung dar und nicht die von Arbeitgebern, Kunden oder Gesch\u00e4ftspartnern. F\u00fcr externe Links \u00fcbernehme ich keine Haftung. Thomas Sommeregger, 2021 Cookies auf der Website www.digitalbuero.at\/content Sie haben jederzeit die M\u00f6glichkeit, alle nicht f\u00fcr die Funktion der Website erforderlichen Cookies zu blockieren. Dar\u00fcber [&hellip;]","og_url":"https:\/\/www.digitalbuero.at\/content\/datenschutz\/","og_site_name":"Thomas&#039; Blog","article_publisher":"https:\/\/www.facebook.com\/thomas.sommeregger","article_modified_time":"2021-07-22T21:36:26+00:00","twitter_card":"summary_large_image","twitter_site":"@tsommeregger","twitter_misc":{"Gesch\u00e4tzte Lesezeit":"3\u00a0Minuten"},"schema":{"@context":"https:\/\/schema.org","@graph":[{"@type":"WebPage","@id":"https:\/\/www.digitalbuero.at\/content\/datenschutz\/","url":"https:\/\/www.digitalbuero.at\/content\/datenschutz\/","name":"Hinweise & Datenschutz - Thomas&#039; Blog","isPartOf":{"@id":"https:\/\/www.digitalbuero.at\/content\/#website"},"datePublished":"2009-12-04T08:48:00+00:00","dateModified":"2021-07-22T21:36:26+00:00","breadcrumb":{"@id":"https:\/\/www.digitalbuero.at\/content\/datenschutz\/#breadcrumb"},"inLanguage":"de","potentialAction":[{"@type":"ReadAction","target":["https:\/\/www.digitalbuero.at\/content\/datenschutz\/"]}]},{"@type":"BreadcrumbList","@id":"https:\/\/www.digitalbuero.at\/content\/datenschutz\/#breadcrumb","itemListElement":[{"@type":"ListItem","position":1,"name":"Startseite","item":"https:\/\/www.digitalbuero.at\/content\/"},{"@type":"ListItem","position":2,"name":"Hinweise &#038; Datenschutz"}]},{"@type":"WebSite","@id":"https:\/\/www.digitalbuero.at\/content\/#website","url":"https:\/\/www.digitalbuero.at\/content\/","name":"Thomas&#039; Blog","description":"Meine Gedanken verpackt in Null und Eins, 100% pers\u00f6nlich","potentialAction":[{"@type":"SearchAction","target":{"@type":"EntryPoint","urlTemplate":"https:\/\/www.digitalbuero.at\/content\/?s={search_term_string}"},"query-input":{"@type":"PropertyValueSpecification","valueRequired":true,"valueName":"search_term_string"}}],"inLanguage":"de"}]}},"post_mailing_queue_ids":[],"_links":{"self":[{"href":"https:\/\/www.digitalbuero.at\/content\/wp-json\/wp\/v2\/pages\/156","targetHints":{"allow":["GET"]}}],"collection":[{"href":"https:\/\/www.digitalbuero.at\/content\/wp-json\/wp\/v2\/pages"}],"about":[{"href":"https:\/\/www.digitalbuero.at\/content\/wp-json\/wp\/v2\/types\/page"}],"author":[{"embeddable":true,"href":"https:\/\/www.digitalbuero.at\/content\/wp-json\/wp\/v2\/users\/2"}],"replies":[{"embeddable":true,"href":"https:\/\/www.digitalbuero.at\/content\/wp-json\/wp\/v2\/comments?post=156"}],"version-history":[{"count":0,"href":"https:\/\/www.digitalbuero.at\/content\/wp-json\/wp\/v2\/pages\/156\/revisions"}],"wp:attachment":[{"href":"https:\/\/www.digitalbuero.at\/content\/wp-json\/wp\/v2\/media?parent=156"}],"curies":[{"name":"wp","href":"https:\/\/api.w.org\/{rel}","templated":true}]}}